{"id":3588,"date":"2025-11-17T23:37:57","date_gmt":"2025-11-18T02:37:57","guid":{"rendered":"https:\/\/www.itfcursos.com.br\/online\/?post_type=product&#038;p=3588"},"modified":"2025-11-18T14:09:40","modified_gmt":"2025-11-18T17:09:40","slug":"reforma-tributaria-ibs-cbs-e-ipi-aplicados-a-zona-franca-de-manaus-e-areas-de-livre-comercio","status":"publish","type":"product","link":"https:\/\/www.itfcursos.com.br\/online\/produto\/reforma-tributaria-ibs-cbs-e-ipi-aplicados-a-zona-franca-de-manaus-e-areas-de-livre-comercio","title":{"rendered":"Reforma Tribut\u00e1ria: IBS, CBS e IPI Aplicados \u00e0 Zona Franca de Manaus e \u00c1reas de Livre Com\u00e9rcio"},"content":{"rendered":"<p data-start=\"275\" data-end=\"753\">A Reforma Tribut\u00e1ria trouxe mudan\u00e7as profundas na estrutura dos tributos sobre consumo no Brasil, substituindo diversos impostos por novos modelos como o <strong data-start=\"429\" data-end=\"468\">IBS (Imposto sobre Bens e Servi\u00e7os)<\/strong> e a <strong data-start=\"473\" data-end=\"517\">CBS (Contribui\u00e7\u00e3o sobre Bens e Servi\u00e7os)<\/strong>.<br data-start=\"518\" data-end=\"521\" \/>Para empresas que operam na <strong data-start=\"549\" data-end=\"580\">Zona Franca de Manaus (ZFM)<\/strong> e nas <strong data-start=\"587\" data-end=\"620\">\u00c1reas de Livre Com\u00e9rcio (ALC)<\/strong>, compreender essas mudan\u00e7as n\u00e3o \u00e9 apenas importante \u2014 \u00e9 <strong data-start=\"677\" data-end=\"752\">essencial para a manuten\u00e7\u00e3o da competitividade e dos benef\u00edcios fiscais<\/strong>.<\/p>\n<p data-start=\"755\" data-end=\"985\">Este curso foi desenvolvido especialmente para profissionais que precisam entender, <strong data-start=\"839\" data-end=\"853\">na pr\u00e1tica<\/strong>, como a nova estrutura tribut\u00e1ria impacta os regimes incentivados da Amaz\u00f4nia, e como se preparar para a transi\u00e7\u00e3o ao novo sistema.<\/p>\n<h2 data-start=\"992\" data-end=\"1025\"><strong data-start=\"998\" data-end=\"1025\">O que voc\u00ea vai aprender<\/strong><\/h2>\n<p data-start=\"1027\" data-end=\"1087\">Com uma abordagem objetiva e aplicada, voc\u00ea ir\u00e1 compreender:<\/p>\n<ul data-start=\"1089\" data-end=\"1718\">\n<li data-start=\"1089\" data-end=\"1167\">\n<p data-start=\"1091\" data-end=\"1167\">Como a Reforma Tribut\u00e1ria reestrutura os tributos sobre consumo no Brasil;<\/p>\n<\/li>\n<li data-start=\"1168\" data-end=\"1230\">\n<p data-start=\"1170\" data-end=\"1230\">O funcionamento do <strong data-start=\"1189\" data-end=\"1207\">IBS, CBS e IPI<\/strong> dentro da ZFM e ALC;<\/p>\n<\/li>\n<li data-start=\"1231\" data-end=\"1319\">\n<p data-start=\"1233\" data-end=\"1319\">A manuten\u00e7\u00e3o dos incentivos constitucionais da Zona Franca de Manaus ap\u00f3s a Reforma;<\/p>\n<\/li>\n<li data-start=\"1320\" data-end=\"1399\">\n<p data-start=\"1322\" data-end=\"1399\">O tratamento tribut\u00e1rio diferenciado previsto para empresas nessas regi\u00f5es;<\/p>\n<\/li>\n<li data-start=\"1400\" data-end=\"1550\">\n<p data-start=\"1402\" data-end=\"1419\">Como funcionam:<\/p>\n<ul data-start=\"1422\" data-end=\"1550\">\n<li data-start=\"1422\" data-end=\"1444\">\n<p data-start=\"1424\" data-end=\"1444\"><strong data-start=\"1424\" data-end=\"1441\">Al\u00edquota Zero<\/strong>,<\/p>\n<\/li>\n<li data-start=\"1447\" data-end=\"1473\">\n<p data-start=\"1449\" data-end=\"1473\"><strong data-start=\"1449\" data-end=\"1470\">Cr\u00e9dito Presumido<\/strong>,<\/p>\n<\/li>\n<li data-start=\"1476\" data-end=\"1508\">\n<p data-start=\"1478\" data-end=\"1508\"><strong data-start=\"1478\" data-end=\"1505\">Suspens\u00e3o na Importa\u00e7\u00e3o<\/strong>,<\/p>\n<\/li>\n<li data-start=\"1511\" data-end=\"1550\">\n<p data-start=\"1513\" data-end=\"1550\"><strong data-start=\"1513\" data-end=\"1547\">Regimes Especiais e Benef\u00edcios<\/strong>;<\/p>\n<\/li>\n<\/ul>\n<\/li>\n<li data-start=\"1551\" data-end=\"1641\">\n<p data-start=\"1553\" data-end=\"1641\">A rela\u00e7\u00e3o entre a nova legisla\u00e7\u00e3o, incentivos regionais e competitividade empresarial;<\/p>\n<\/li>\n<li data-start=\"1642\" data-end=\"1718\">\n<p data-start=\"1644\" data-end=\"1718\">Impactos pr\u00e1ticos no faturamento, compras, importa\u00e7\u00f5es e cadeia produtiva.<\/p>\n<\/li>\n<\/ul>\n<h2 data-start=\"1725\" data-end=\"1753\"><strong data-start=\"1731\" data-end=\"1753\">Conte\u00fado das Aulas<\/strong><\/h2>\n<p data-start=\"1755\" data-end=\"2271\"><strong data-start=\"1755\" data-end=\"1834\">Aula 1 \u2013 ZFM e ALC na Constitui\u00e7\u00e3o Federal: Entendendo a Reforma Tribut\u00e1ria<\/strong><br data-start=\"1834\" data-end=\"1837\" \/><strong data-start=\"1837\" data-end=\"1900\">Aula 2 \u2013 Suspens\u00e3o do IBS e CBS nas Opera\u00e7\u00f5es de Importa\u00e7\u00e3o<\/strong><br data-start=\"1900\" data-end=\"1903\" \/><strong data-start=\"1903\" data-end=\"1951\">Aula 3 \u2013 Cr\u00e9dito Presumido do IBS para a ZFM<\/strong><br data-start=\"1951\" data-end=\"1954\" \/><strong data-start=\"1954\" data-end=\"2012\">Aula 4 \u2013 Al\u00edquota Zero e Cr\u00e9dito Presumido \u2013 IBS e CBS<\/strong><br data-start=\"2012\" data-end=\"2015\" \/><strong data-start=\"2015\" data-end=\"2072\">Aula 5 \u2013 Cr\u00e9dito Presumido do IBS e CBS \u2013 Continua\u00e7\u00e3o<\/strong><br data-start=\"2072\" data-end=\"2075\" \/><strong data-start=\"2075\" data-end=\"2148\">Aula 6 \u2013 Al\u00edquota Zero para Tomadores de Servi\u00e7os e Cr\u00e9dito Presumido<\/strong><br data-start=\"2148\" data-end=\"2151\" \/><strong data-start=\"2151\" data-end=\"2195\">Aula 7 \u2013 ALC: Importa\u00e7\u00e3o e Al\u00edquota Zero<\/strong><br data-start=\"2195\" data-end=\"2198\" \/><strong data-start=\"2198\" data-end=\"2271\">Aula 8 \u2013 ALC: Cr\u00e9dito Presumido, Al\u00edquota Zero e Legisla\u00e7\u00e3o Aplic\u00e1vel<\/strong><\/p>\n<h2 data-start=\"2341\" data-end=\"2372\"><strong data-start=\"2347\" data-end=\"2372\">Diferenciais do curso<\/strong><\/h2>\n<ul data-start=\"2374\" data-end=\"2872\">\n<li data-start=\"2374\" data-end=\"2464\">\n<p data-start=\"2376\" data-end=\"2464\">Conte\u00fado <strong data-start=\"2385\" data-end=\"2404\">100% atualizado<\/strong> conforme os dispositivos aprovados da Reforma Tribut\u00e1ria;<\/p>\n<\/li>\n<li data-start=\"2465\" data-end=\"2538\">\n<p data-start=\"2467\" data-end=\"2538\">Explica\u00e7\u00f5es claras com <strong data-start=\"2490\" data-end=\"2535\">foco nos impactos pr\u00e1ticos para ZFM e ALC<\/strong>;<\/p>\n<\/li>\n<li data-start=\"2539\" data-end=\"2629\">\n<p data-start=\"2541\" data-end=\"2629\">Exemplos, compara\u00e7\u00f5es e cen\u00e1rios reais para facilitar a tomada de decis\u00e3o empresarial;<\/p>\n<\/li>\n<li data-start=\"2630\" data-end=\"2738\">\n<p data-start=\"2632\" data-end=\"2738\">Ideal para profissionais que desejam <strong data-start=\"2669\" data-end=\"2715\">antecipar mudan\u00e7as e evitar riscos fiscais<\/strong> durante a transi\u00e7\u00e3o;<\/p>\n<\/li>\n<li data-start=\"2739\" data-end=\"2872\">\n<p data-start=\"2741\" data-end=\"2872\">Linguagem simples, objetiva e estrat\u00e9gica \u2014 perfeita para quem trabalha com tributos, log\u00edstica, com\u00e9rcio exterior e contabilidade<\/p>\n<\/li>\n<\/ul>\n<h2 data-start=\"2879\" data-end=\"2904\"><strong data-start=\"2888\" data-end=\"2904\">P\u00fablico-alvo<\/strong><\/h2>\n<p data-start=\"2906\" data-end=\"2927\">O curso \u00e9 ideal para:<\/p>\n<ul data-start=\"2929\" data-end=\"3312\">\n<li data-start=\"2929\" data-end=\"2991\">\n<p data-start=\"2931\" data-end=\"2991\">Profissionais das \u00e1reas <strong data-start=\"2955\" data-end=\"2988\">tribut\u00e1ria, fiscal e cont\u00e1bil<\/strong>;<\/p>\n<\/li>\n<li data-start=\"2992\" data-end=\"3051\">\n<p data-start=\"2994\" data-end=\"3051\">Empresas instaladas ou que negociam com a ZFM e as ALC;<\/p>\n<\/li>\n<li data-start=\"3052\" data-end=\"3142\">\n<p data-start=\"3054\" data-end=\"3142\">Consultores, advogados e gestores que precisam dominar o impacto da Reforma na regi\u00e3o;<\/p>\n<\/li>\n<li data-start=\"3143\" data-end=\"3223\">\n<p data-start=\"3145\" data-end=\"3223\">Profissionais de <strong data-start=\"3162\" data-end=\"3220\">com\u00e9rcio exterior, ind\u00fastria, distribui\u00e7\u00e3o e log\u00edstica<\/strong>;<\/p>\n<\/li>\n<li data-start=\"3224\" data-end=\"3312\">\n<p data-start=\"3226\" data-end=\"3312\">Empreendedores e gestores que buscam <strong data-start=\"3263\" data-end=\"3311\">seguran\u00e7a jur\u00eddica e planejamento tribut\u00e1rio<\/strong>.<\/p>\n<\/li>\n<\/ul>\n","protected":false},"excerpt":{"rendered":"<p>A Reforma Tribut\u00e1ria trouxe mudan\u00e7as profundas na estrutura dos tributos sobre consumo no Brasil, substituindo diversos impostos por novos modelos como o IBS (Imposto sobre Bens e Servi\u00e7os) e a CBS (Contribui\u00e7\u00e3o sobre Bens e Servi\u00e7os).Para empresas que operam na Zona Franca de Manaus (ZFM) e nas \u00c1reas de Livre Com\u00e9rcio (ALC), compreender essas mudan\u00e7as [&hellip;]<\/p>\n","protected":false},"featured_media":3589,"comment_status":"open","ping_status":"closed","template":"","meta":{"_acf_changed":false},"product_brand":[],"product_cat":[205],"product_tag":[],"class_list":{"0":"post-3588","1":"product","2":"type-product","3":"status-publish","4":"has-post-thumbnail","6":"product_cat-video-aulas","8":"first","9":"instock","10":"virtual","11":"purchasable","12":"product-type-simple"},"acf":[],"_links":{"self":[{"href":"https:\/\/www.itfcursos.com.br\/online\/wp-json\/wp\/v2\/product\/3588","targetHints":{"allow":["GET"]}}],"collection":[{"href":"https:\/\/www.itfcursos.com.br\/online\/wp-json\/wp\/v2\/product"}],"about":[{"href":"https:\/\/www.itfcursos.com.br\/online\/wp-json\/wp\/v2\/types\/product"}],"replies":[{"embeddable":true,"href":"https:\/\/www.itfcursos.com.br\/online\/wp-json\/wp\/v2\/comments?post=3588"}],"wp:featuredmedia":[{"embeddable":true,"href":"https:\/\/www.itfcursos.com.br\/online\/wp-json\/wp\/v2\/media\/3589"}],"wp:attachment":[{"href":"https:\/\/www.itfcursos.com.br\/online\/wp-json\/wp\/v2\/media?parent=3588"}],"wp:term":[{"taxonomy":"product_brand","embeddable":true,"href":"https:\/\/www.itfcursos.com.br\/online\/wp-json\/wp\/v2\/product_brand?post=3588"},{"taxonomy":"product_cat","embeddable":true,"href":"https:\/\/www.itfcursos.com.br\/online\/wp-json\/wp\/v2\/product_cat?post=3588"},{"taxonomy":"product_tag","embeddable":true,"href":"https:\/\/www.itfcursos.com.br\/online\/wp-json\/wp\/v2\/product_tag?post=3588"}],"curies":[{"name":"wp","href":"https:\/\/api.w.org\/{rel}","templated":true}]}}