{"id":3563,"date":"2025-09-23T17:43:51","date_gmt":"2025-09-23T20:43:51","guid":{"rendered":"https:\/\/www.itfcursos.com.br\/online\/?post_type=product&#038;p=3563"},"modified":"2025-11-14T16:44:07","modified_gmt":"2025-11-14T19:44:07","slug":"zona-franca-de-manaus-e-area-de-livre-comercio-pis-cofins-ipi-e-icms","status":"publish","type":"product","link":"https:\/\/www.itfcursos.com.br\/online\/produto\/zona-franca-de-manaus-e-area-de-livre-comercio-pis-cofins-ipi-e-icms","title":{"rendered":"Zona Franca de Manaus, \u00c0rea de Livre Com\u00e9rcio e Amaz\u00f4nia Ocidental + (PIS\/COFINS,\u00a0IPI,\u00a0ICMS,\u00a0PIN)"},"content":{"rendered":"<p data-start=\"406\" data-end=\"538\">O \u00fanico curso sobre <strong data-start=\"426\" data-end=\"459\">ZFM e \u00c1reas de Livre Com\u00e9rcio<\/strong> totalmente atualizado com as <strong data-start=\"489\" data-end=\"535\">regras fiscais e tribut\u00e1rias mais recentes<\/strong>.<\/p>\n<p data-start=\"540\" data-end=\"712\">Desenvolvido para <strong data-start=\"558\" data-end=\"586\">profissionais e empresas<\/strong> que desejam compreender, <strong data-start=\"612\" data-end=\"626\">na pr\u00e1tica<\/strong>, os benef\u00edcios fiscais e operacionais dispon\u00edveis nas regi\u00f5es incentivadas do Brasil.<\/p>\n<p data-start=\"714\" data-end=\"896\">Com uma abordagem <strong data-start=\"732\" data-end=\"767\">objetiva, aplicada e atualizada<\/strong>, o curso apresenta desde os <strong data-start=\"796\" data-end=\"822\">conceitos fundamentais<\/strong> at\u00e9 os <strong data-start=\"830\" data-end=\"880\">procedimentos operacionais e sistemas oficiais<\/strong>, passo a passo.<\/p>\n<hr data-start=\"898\" data-end=\"901\" \/>\n<h4 data-start=\"903\" data-end=\"937\"><strong data-start=\"910\" data-end=\"937\">O que voc\u00ea vai aprender<\/strong><\/h4>\n<ul data-start=\"939\" data-end=\"1482\">\n<li data-start=\"939\" data-end=\"1052\">\n<p data-start=\"941\" data-end=\"1052\">A hist\u00f3ria, estrutura e import\u00e2ncia econ\u00f4mica da <strong data-start=\"990\" data-end=\"1015\">Zona Franca de Manaus<\/strong> e das <strong data-start=\"1022\" data-end=\"1049\">\u00c1reas de Livre Com\u00e9rcio<\/strong>;<\/p>\n<\/li>\n<li data-start=\"1053\" data-end=\"1157\">\n<p data-start=\"1055\" data-end=\"1157\">A legisla\u00e7\u00e3o e os <strong data-start=\"1073\" data-end=\"1095\">incentivos fiscais<\/strong> aplic\u00e1veis a produtos e empresas instaladas nessas regi\u00f5es;<\/p>\n<\/li>\n<li data-start=\"1158\" data-end=\"1230\">\n<p data-start=\"1160\" data-end=\"1230\">O funcionamento dos principais tributos (<strong data-start=\"1201\" data-end=\"1226\">PIS\/COFINS, IPI, ICMS<\/strong>);<\/p>\n<\/li>\n<li data-start=\"1231\" data-end=\"1309\">\n<p data-start=\"1233\" data-end=\"1309\">Procedimentos de <strong data-start=\"1250\" data-end=\"1306\">importa\u00e7\u00e3o, exporta\u00e7\u00e3o e internamento de mercadorias<\/strong>;<\/p>\n<\/li>\n<li data-start=\"1310\" data-end=\"1372\">\n<p data-start=\"1312\" data-end=\"1372\">A correta utiliza\u00e7\u00e3o dos sistemas <strong data-start=\"1346\" data-end=\"1356\">CADSUF<\/strong> e <strong data-start=\"1359\" data-end=\"1369\">SIMNAC<\/strong>;<\/p>\n<\/li>\n<li data-start=\"1373\" data-end=\"1482\">\n<p data-start=\"1375\" data-end=\"1482\">Estrat\u00e9gias de <strong data-start=\"1390\" data-end=\"1432\">aproveitamento de cr\u00e9ditos tribut\u00e1rios<\/strong>, <strong data-start=\"1434\" data-end=\"1455\">redu\u00e7\u00e3o de custos<\/strong> e <strong data-start=\"1458\" data-end=\"1481\">conformidade fiscal<\/strong>.<\/p>\n<\/li>\n<\/ul>\n<hr data-start=\"1484\" data-end=\"1487\" \/>\n<h4 data-start=\"1489\" data-end=\"1523\"><strong data-start=\"1496\" data-end=\"1523\">Grade completa do curso<\/strong><\/h4>\n<p data-start=\"1525\" data-end=\"1678\"><strong data-start=\"1525\" data-end=\"1577\">Aula 1 \u2013 Hist\u00f3ria e Import\u00e2ncia da ZFM (Parte I)<\/strong><br data-start=\"1577\" data-end=\"1580\" \/>Panorama inicial sobre a cria\u00e7\u00e3o da Zona Franca de Manaus e seus objetivos econ\u00f4micos e sociais.<\/p>\n<p data-start=\"1680\" data-end=\"1809\"><strong data-start=\"1680\" data-end=\"1733\">Aula 2 \u2013 Hist\u00f3ria e Import\u00e2ncia da ZFM (Parte II)<\/strong><br data-start=\"1733\" data-end=\"1736\" \/>Evolu\u00e7\u00e3o do modelo e seu papel estrat\u00e9gico no desenvolvimento regional.<\/p>\n<p data-start=\"1811\" data-end=\"1963\"><strong data-start=\"1811\" data-end=\"1867\">Aula 3 \u2013 ICMS, NF-e e Canais de Envio de Mercadorias<\/strong><br data-start=\"1867\" data-end=\"1870\" \/>Aspectos fiscais, emiss\u00e3o de notas fiscais e movimenta\u00e7\u00e3o de produtos dentro e fora da ZFM.<\/p>\n<p data-start=\"1965\" data-end=\"2073\"><strong data-start=\"1965\" data-end=\"1998\">Aula 4 \u2013 IPI na ZFM (Parte I)<\/strong><br data-start=\"1998\" data-end=\"2001\" \/>Fundamentos do IPI e suas particularidades nas opera\u00e7\u00f5es incentivadas.<\/p>\n<p data-start=\"2075\" data-end=\"2194\"><strong data-start=\"2075\" data-end=\"2111\">Aula 5 \u2013 PIS\/COFINS na ZFM e ALC<\/strong><br data-start=\"2111\" data-end=\"2114\" \/>Tratamento diferenciado dos tributos federais e impactos na forma\u00e7\u00e3o de pre\u00e7o.<\/p>\n<p data-start=\"2196\" data-end=\"2307\"><strong data-start=\"2196\" data-end=\"2230\">Aula 6 \u2013 IPI na ZFM (Parte II)<\/strong><br data-start=\"2230\" data-end=\"2233\" \/>Casos pr\u00e1ticos e c\u00e1lculos envolvendo o IPI nas opera\u00e7\u00f5es com incentivos.<\/p>\n<p data-start=\"2309\" data-end=\"2418\"><strong data-start=\"2309\" data-end=\"2351\">Aula 7 \u2013 ST de PIS\/COFINS na ZFM e ALC<\/strong><br data-start=\"2351\" data-end=\"2354\" \/>Substitui\u00e7\u00e3o tribut\u00e1ria e regras espec\u00edficas aplic\u00e1veis \u00e0 ZFM.<\/p>\n<p data-start=\"2420\" data-end=\"2541\"><strong data-start=\"2420\" data-end=\"2467\">Aula 8 \u2013 PIS\/COFINS Monof\u00e1sico na ZFM e ALC<\/strong><br data-start=\"2467\" data-end=\"2470\" \/>Entenda como funciona o regime monof\u00e1sico e seus efeitos tribut\u00e1rios.<\/p>\n<p data-start=\"2543\" data-end=\"2653\"><strong data-start=\"2543\" data-end=\"2589\">Aula 9 \u2013 PIS\/COFINS na Importa\u00e7\u00e3o pela ZFM<\/strong><br data-start=\"2589\" data-end=\"2592\" \/>An\u00e1lise completa da tributa\u00e7\u00e3o nas opera\u00e7\u00f5es de importa\u00e7\u00e3o.<\/p>\n<p data-start=\"2655\" data-end=\"2780\"><strong data-start=\"2655\" data-end=\"2702\">Aula 10 \u2013 Cr\u00e9ditos de Tributos na ZFM e ALC<\/strong><br data-start=\"2702\" data-end=\"2705\" \/>Como aproveitar cr\u00e9ditos fiscais e realizar compensa\u00e7\u00f5es de forma segura.<\/p>\n<p data-start=\"2782\" data-end=\"2902\"><strong data-start=\"2782\" data-end=\"2826\">Aula 11 \u2013 Cadastro no CADSUF (ZFM e ALC)<\/strong><br data-start=\"2826\" data-end=\"2829\" \/>Passo a passo do processo de cadastramento de empresas junto \u00e0 SUFRAMA.<\/p>\n<p data-start=\"2904\" data-end=\"3029\"><strong data-start=\"2904\" data-end=\"2936\">Aula 12 \u2013 SIMNAC (ZFM e ALC)<\/strong><br data-start=\"2936\" data-end=\"2939\" \/>Introdu\u00e7\u00e3o ao Sistema de Nacionaliza\u00e7\u00e3o e Controle e sua import\u00e2ncia no controle fiscal.<\/p>\n<p data-start=\"3031\" data-end=\"3161\"><strong data-start=\"3031\" data-end=\"3077\">Aula 13 \u2013 SIMNAC (ZFM e ALC) Passo a Passo<\/strong><br data-start=\"3077\" data-end=\"3080\" \/>Demonstra\u00e7\u00e3o pr\u00e1tica do uso do sistema, com telas, relat\u00f3rios e exemplos reais.<\/p>\n<p data-start=\"3163\" data-end=\"3289\"><strong data-start=\"3163\" data-end=\"3210\">Aula 14 \u2013 Internamento e Taxas na ZFM e ALC<\/strong><br data-start=\"3210\" data-end=\"3213\" \/>C\u00e1lculo, controle e acompanhamento das taxas de internamento de mercadorias.<\/p>\n<p data-start=\"3334\" data-end=\"3588\"><strong data-start=\"3334\" data-end=\"3392\">Aula 15 \u2013 Amaz\u00f4nia Ocidental e IPI, ICMS, PIS e COFINS<\/strong><br data-start=\"3392\" data-end=\"3395\" \/>An\u00e1lise dos incentivos e peculiaridades tribut\u00e1rias aplic\u00e1veis aos estados da Amaz\u00f4nia Ocidental (Acre, Rond\u00f4nia, Roraima e Amazonas), com foco nas opera\u00e7\u00f5es envolvendo IPI, ICMS, PIS e COFINS.<\/p>\n<hr data-start=\"3291\" data-end=\"3294\" \/>\n<h4 data-start=\"3296\" data-end=\"3328\"><strong data-start=\"3303\" data-end=\"3328\">Diferenciais do curso<\/strong><\/h4>\n<ul data-start=\"3330\" data-end=\"3716\">\n<li data-start=\"3330\" data-end=\"3412\">\n<p data-start=\"3332\" data-end=\"3412\">Conte\u00fado <strong data-start=\"3341\" data-end=\"3360\">100% atualizado<\/strong>, dividido em <strong data-start=\"3374\" data-end=\"3409\">m\u00f3dulos did\u00e1ticos e sequenciais<\/strong>;<\/p>\n<\/li>\n<li data-start=\"3413\" data-end=\"3489\">\n<p data-start=\"3415\" data-end=\"3489\"><strong data-start=\"3415\" data-end=\"3433\">Aulas pr\u00e1ticas<\/strong> com demonstra\u00e7\u00f5es reais dos sistemas CADSUF e SIMNAC;<\/p>\n<\/li>\n<li data-start=\"3490\" data-end=\"3564\">\n<p data-start=\"3492\" data-end=\"3564\">\u00canfase em <strong data-start=\"3502\" data-end=\"3529\">aplica\u00e7\u00f5es empresariais<\/strong>, voltadas \u00e0 economia tribut\u00e1ria;<\/p>\n<\/li>\n<li data-start=\"3565\" data-end=\"3628\">\n<p data-start=\"3567\" data-end=\"3628\"><strong data-start=\"3567\" data-end=\"3592\">Material complementar<\/strong> com planilhas e modelos pr\u00e1ticos;<\/p>\n<\/li>\n<li data-start=\"3629\" data-end=\"3716\">\n<p data-start=\"3631\" data-end=\"3716\">Suporte especializado e exemplos que refletem <strong data-start=\"3677\" data-end=\"3715\">situa\u00e7\u00f5es do dia a dia empresarial<\/strong>.<\/p>\n<\/li>\n<\/ul>\n<hr data-start=\"3718\" data-end=\"3721\" \/>\n<h4 data-start=\"3723\" data-end=\"3749\"><strong data-start=\"3733\" data-end=\"3749\">P\u00fablico-alvo<\/strong><\/h4>\n<p data-start=\"3751\" data-end=\"4047\">Ideal para <strong data-start=\"3762\" data-end=\"3859\">profissionais das \u00e1reas fiscal, cont\u00e1bil, tribut\u00e1ria, jur\u00eddica, com\u00e9rcio exterior e log\u00edstica<\/strong>, al\u00e9m de <strong data-start=\"3869\" data-end=\"3895\">gestores e empres\u00e1rios<\/strong> que buscam <strong data-start=\"3907\" data-end=\"3929\">seguran\u00e7a jur\u00eddica<\/strong>, <strong data-start=\"3931\" data-end=\"3956\">efici\u00eancia tribut\u00e1ria<\/strong> e <strong data-start=\"3959\" data-end=\"3978\">competitividade<\/strong> nas opera\u00e7\u00f5es com a Zona Franca de Manaus e \u00c1reas de Livre Com\u00e9rcio.<\/p>\n","protected":false},"excerpt":{"rendered":"<p>O \u00fanico curso sobre ZFM e \u00c1reas de Livre Com\u00e9rcio totalmente atualizado com as regras fiscais e tribut\u00e1rias mais recentes. Desenvolvido para profissionais e empresas que desejam compreender, na pr\u00e1tica, os benef\u00edcios fiscais e operacionais dispon\u00edveis nas regi\u00f5es incentivadas do Brasil. Com uma abordagem objetiva, aplicada e atualizada, o curso apresenta desde os conceitos fundamentais [&hellip;]<\/p>\n","protected":false},"featured_media":3578,"comment_status":"open","ping_status":"closed","template":"","meta":{"_acf_changed":false},"product_brand":[],"product_cat":[205],"product_tag":[],"class_list":{"0":"post-3563","1":"product","2":"type-product","3":"status-publish","4":"has-post-thumbnail","6":"product_cat-video-aulas","8":"first","9":"instock","10":"virtual","11":"purchasable","12":"product-type-simple"},"acf":[],"_links":{"self":[{"href":"https:\/\/www.itfcursos.com.br\/online\/wp-json\/wp\/v2\/product\/3563","targetHints":{"allow":["GET"]}}],"collection":[{"href":"https:\/\/www.itfcursos.com.br\/online\/wp-json\/wp\/v2\/product"}],"about":[{"href":"https:\/\/www.itfcursos.com.br\/online\/wp-json\/wp\/v2\/types\/product"}],"replies":[{"embeddable":true,"href":"https:\/\/www.itfcursos.com.br\/online\/wp-json\/wp\/v2\/comments?post=3563"}],"wp:featuredmedia":[{"embeddable":true,"href":"https:\/\/www.itfcursos.com.br\/online\/wp-json\/wp\/v2\/media\/3578"}],"wp:attachment":[{"href":"https:\/\/www.itfcursos.com.br\/online\/wp-json\/wp\/v2\/media?parent=3563"}],"wp:term":[{"taxonomy":"product_brand","embeddable":true,"href":"https:\/\/www.itfcursos.com.br\/online\/wp-json\/wp\/v2\/product_brand?post=3563"},{"taxonomy":"product_cat","embeddable":true,"href":"https:\/\/www.itfcursos.com.br\/online\/wp-json\/wp\/v2\/product_cat?post=3563"},{"taxonomy":"product_tag","embeddable":true,"href":"https:\/\/www.itfcursos.com.br\/online\/wp-json\/wp\/v2\/product_tag?post=3563"}],"curies":[{"name":"wp","href":"https:\/\/api.w.org\/{rel}","templated":true}]}}