{"id":3492,"date":"2023-08-02T15:48:10","date_gmt":"2023-08-02T18:48:10","guid":{"rendered":"https:\/\/www.itfcursos.com.br\/online\/?post_type=product&#038;p=3492"},"modified":"2025-07-07T19:26:55","modified_gmt":"2025-07-07T22:26:55","slug":"capacitacao-fiscal-com-ipi-icms-e-iss","status":"publish","type":"product","link":"https:\/\/www.itfcursos.com.br\/online\/produto\/capacitacao-fiscal-com-ipi-icms-e-iss","title":{"rendered":"Capacita\u00e7\u00e3o Fiscal com IPI, ICMS e ISS"},"content":{"rendered":"<p>Capacita\u00e7\u00e3o Fiscal &#8211; <strong>v\u00eddeo 1<\/strong><br \/>\nRegime especial, conv\u00eanios, protocolos e introdu\u00e7\u00e3o ao IPI &#8211;<strong> v\u00eddeo 2<\/strong><br \/>\nPrincipais regras sobre o IPI- <strong>v\u00eddeo 3<\/strong><br \/>\nPrincipais regras sobre ISS &#8211; <strong>v\u00eddeo 4<\/strong><br \/>\nBase de c\u00e1lculo sobre o ISS &#8211;<strong> v\u00eddeo 5<\/strong><br \/>\nICMS conceito e base de c\u00e1lculo &#8211; <strong>v\u00eddeo 6<\/strong><br \/>\nAl\u00edquotas nas Ora\u00e7\u00f5es internas e interestaduais &#8211; <strong>v\u00eddeo 7<\/strong><br \/>\nAl\u00edquotas de 4%, FCI e seu c\u00e1lculo &#8211; <strong>v\u00eddeo 8<\/strong><br \/>\nCFOPs e CSTs &#8211; <strong>v\u00eddeo 9<\/strong><br \/>\nCSTs para Lucro Presumido e Lucro\u00a0Real\u00a0&#8211;\u00a0<strong>v\u00eddeo\u00a010<\/strong><br \/>\nCRT &#8211; C\u00f3digo de regime Tribut\u00e1rio &#8211; <strong>v\u00eddeo 11<\/strong><br \/>\nNF-e e seu cancelamento &#8211; <strong>v\u00eddeo 12<\/strong><br \/>\nManifesta\u00e7\u00e3o do destinat\u00e1rio e campos da NF-e &#8211; <strong>v\u00eddeo 13<\/strong><br \/>\nSPED Fiscal e seus principais registros &#8211; <strong>v\u00eddeo 14<\/strong><br \/>\nC\u00e1lculo e cr\u00e9dito do ICMS &#8211; <strong>v\u00eddeo 15<\/strong><br \/>\nTipos de cr\u00e9ditos acumulados &#8211; <strong>v\u00eddeo 16<\/strong><br \/>\nBenef\u00edcios Fiscais e principais CFOPs &#8211; <strong>v\u00eddeo 17<\/strong><br \/>\nModalidades de industrializa\u00e7\u00f5es &#8211; <strong>v\u00eddeo 18<\/strong><br \/>\nUso, Consumo, cr\u00e9ditos de: ativo imobilizado e energia el\u00e9trica\u00a0&#8211;\u00a0<strong>v\u00eddeo\u00a019<\/strong><\/p>\n","protected":false},"excerpt":{"rendered":"<p>Capacita\u00e7\u00e3o Fiscal &#8211; v\u00eddeo 1 Regime especial, conv\u00eanios, protocolos e introdu\u00e7\u00e3o ao IPI &#8211; v\u00eddeo 2 Principais regras sobre o IPI- v\u00eddeo 3 Principais regras sobre ISS &#8211; v\u00eddeo 4 Base de c\u00e1lculo sobre o ISS &#8211; v\u00eddeo 5 ICMS conceito e base de c\u00e1lculo &#8211; v\u00eddeo 6 Al\u00edquotas nas Ora\u00e7\u00f5es internas e interestaduais &#8211; [&hellip;]<\/p>\n","protected":false},"featured_media":3493,"comment_status":"open","ping_status":"closed","template":"","meta":{"_acf_changed":false},"product_brand":[],"product_cat":[199,195,200,205],"product_tag":[],"class_list":{"0":"post-3492","1":"product","2":"type-product","3":"status-publish","4":"has-post-thumbnail","6":"product_cat-icms","7":"product_cat-ipi","8":"product_cat-iss","9":"product_cat-video-aulas","11":"first","12":"instock","13":"virtual","14":"purchasable","15":"product-type-simple"},"acf":[],"_links":{"self":[{"href":"https:\/\/www.itfcursos.com.br\/online\/wp-json\/wp\/v2\/product\/3492","targetHints":{"allow":["GET"]}}],"collection":[{"href":"https:\/\/www.itfcursos.com.br\/online\/wp-json\/wp\/v2\/product"}],"about":[{"href":"https:\/\/www.itfcursos.com.br\/online\/wp-json\/wp\/v2\/types\/product"}],"replies":[{"embeddable":true,"href":"https:\/\/www.itfcursos.com.br\/online\/wp-json\/wp\/v2\/comments?post=3492"}],"wp:featuredmedia":[{"embeddable":true,"href":"https:\/\/www.itfcursos.com.br\/online\/wp-json\/wp\/v2\/media\/3493"}],"wp:attachment":[{"href":"https:\/\/www.itfcursos.com.br\/online\/wp-json\/wp\/v2\/media?parent=3492"}],"wp:term":[{"taxonomy":"product_brand","embeddable":true,"href":"https:\/\/www.itfcursos.com.br\/online\/wp-json\/wp\/v2\/product_brand?post=3492"},{"taxonomy":"product_cat","embeddable":true,"href":"https:\/\/www.itfcursos.com.br\/online\/wp-json\/wp\/v2\/product_cat?post=3492"},{"taxonomy":"product_tag","embeddable":true,"href":"https:\/\/www.itfcursos.com.br\/online\/wp-json\/wp\/v2\/product_tag?post=3492"}],"curies":[{"name":"wp","href":"https:\/\/api.w.org\/{rel}","templated":true}]}}