{"id":3460,"date":"2023-06-22T14:47:37","date_gmt":"2023-06-22T17:47:37","guid":{"rendered":"https:\/\/www.itfcursos.com.br\/online\/?post_type=product&#038;p=3460"},"modified":"2024-03-14T10:58:41","modified_gmt":"2024-03-14T13:58:41","slug":"sped-x-gia-correcoes-e-eliminacoes-de-erros","status":"publish","type":"product","link":"https:\/\/www.itfcursos.com.br\/online\/produto\/sped-x-gia-correcoes-e-eliminacoes-de-erros","title":{"rendered":"SPED X GIA &#8211; Corre\u00e7\u00f5es e Elimina\u00e7\u00f5es de Erros"},"content":{"rendered":"<p><strong>V\u00eddeo 1<\/strong><br \/>\nNos Conformes<br \/>\n-aplicabilidade<br \/>\n-avalia\u00e7\u00e3o pelo fisco<br \/>\n-enquadramento em letras<br \/>\n-notifica\u00e7\u00e3o pelo fisco<br \/>\n-SIPET e DEC<br \/>\n-classifica\u00e7\u00e3o atribu\u00edda pelo fisco<br \/>\n-GIA- Conceito e livros fiscais<br \/>\n-solicita\u00e7\u00e3o de senha<\/p>\n<p><strong>V\u00eddeo 2<\/strong><br \/>\nInten\u00e7\u00e3o do fisco<br \/>\n-nos conformes<\/p>\n<p><strong>V\u00eddeo 3<\/strong><br \/>\n-CST para RPA<\/p>\n<p><strong>V\u00eddeo 4<\/strong><br \/>\n-CFOPs novos e escritura\u00e7\u00f5es<br \/>\n-confronto entre SPED e GIA \u2013 EFD\/GIA<br \/>\n-livros de entrada<br \/>\n-livros de sa\u00edda<br \/>\n-servi\u00e7os de transporte e Substitui\u00e7\u00e3o Tribut\u00e1ria<br \/>\n-art. 274 escritura\u00e7\u00e3o do atacadista substitu\u00eddo<\/p>\n<p><strong>V\u00eddeo 5<\/strong><br \/>\n-Registros a serem preenchidos no SPED<br \/>\n-c\u00f3digos de ajustes<br \/>\n-Registro 0460<br \/>\n-Registro 0460<br \/>\n-Registro C195<br \/>\n-Registro C197<br \/>\n-c\u00f3digos de ajustes para SPED e GIA<\/p>\n<p><strong>V\u00eddeo 6<\/strong><br \/>\n-Orienta\u00e7\u00f5es T\u00e9cnicas Passadas Pelo Posto Fiscal<br \/>\n-Portaria Cat 66\/18<br \/>\n-campo outras<br \/>\n-campo isentas e n\u00e3o tributada<br \/>\n-campo com redu\u00e7\u00e3o da base<br \/>\n-campo substitu\u00eddo<br \/>\n-campo para IPI<br \/>\n-c\u00f3digos de ajustes espec\u00edficos<br \/>\n-principais erros na EFD<br \/>\n-corre\u00e7\u00f5es quanto ao IPI<br \/>\n-IPI na GIA<br \/>\n-IPI no SPED<br \/>\n-lan\u00e7amento do Ajuste<br \/>\n-campos a serem preenchidos no SPED referente ao IPI<\/p>\n<p><strong>V\u00eddeo 7<\/strong><br \/>\n-Corre\u00e7\u00f5es quanto aos Isentas e n\u00e3o tributadas<\/p>\n<p><strong>V\u00eddeo 8<\/strong><br \/>\n-Corre\u00e7\u00f5es quanto a redu\u00e7\u00e3o da base de c\u00e1lculo<\/p>\n<p><strong>V\u00eddeo 9<\/strong><br \/>\n-Corre\u00e7\u00f5es quanto as mercadorias adquiridas para insumos em processo de industrializa\u00e7\u00e3o com suspens\u00e3o do ICMS<\/p>\n<p><strong>V\u00eddeo 10<\/strong><br \/>\n&#8211; corre\u00e7\u00f5es quanto as exporta\u00e7\u00f5es<br \/>\n-DU-E na GIA<\/p>\n<p><strong>V\u00eddeo 11<\/strong><br \/>\n-Corre\u00e7\u00f5es quanto as importa\u00e7\u00f5es<\/p>\n<p><strong>V\u00eddeo 12<\/strong><br \/>\n-Corre\u00e7\u00f5es nas aquisi\u00e7\u00f5es para uso ou consumo<\/p>\n<p><strong>V\u00eddeo 13<\/strong><br \/>\n-Corre\u00e7\u00f5es quanto a Substitui\u00e7\u00e3o Tribut\u00e1ria<\/p>\n<p><strong>V\u00eddeo 14<\/strong><br \/>\n-GIA e seus detalhes + GIA substitutiva e taxas para entrega<\/p>\n<p><strong>V\u00eddeo 15<\/strong><br \/>\n-Retifica\u00e7\u00e3o do SPED<\/p>\n<p><strong>V\u00eddeo 16<\/strong><br \/>\n-Transporte sujei\u00e7\u00e3o ao ICMS, DIPAM-A e DIPAM-B<\/p>\n<p><strong>V\u00eddeo 17<\/strong><br \/>\n-FCP-Fundo de Combate a Pobreza e Antecipa\u00e7\u00e3o Tribut\u00e1ria pelas entradas<\/p>\n<p><strong>V\u00eddeo 18<\/strong><br \/>\n-Ressarcimento da Substitui\u00e7\u00e3o Tribut\u00e1ria e Diferencial de al\u00edquotas<\/p>\n<p><strong>V\u00eddeo 19<\/strong><br \/>\n-GIA e suas vers\u00f5es<br \/>\n-campos da GIA<br \/>\n-relat\u00f3rios de erros da GIA<br \/>\n-c\u00f3digos de erros e como solucionar<br \/>\n-site da Sefaz e fale conosco.<\/p>\n<p><strong>V\u00eddeo 20<\/strong><br \/>\nTransportes e novos CFOPs para as presta\u00e7\u00f5es<\/p>\n","protected":false},"excerpt":{"rendered":"<p>V\u00eddeo 1 Nos Conformes -aplicabilidade -avalia\u00e7\u00e3o pelo fisco -enquadramento em letras -notifica\u00e7\u00e3o pelo fisco -SIPET e DEC -classifica\u00e7\u00e3o atribu\u00edda pelo fisco -GIA- Conceito e livros fiscais -solicita\u00e7\u00e3o de senha V\u00eddeo 2 Inten\u00e7\u00e3o do fisco -nos conformes V\u00eddeo 3 -CST para RPA V\u00eddeo 4 -CFOPs novos e escritura\u00e7\u00f5es -confronto entre SPED e GIA \u2013 EFD\/GIA -livros [&hellip;]<\/p>\n","protected":false},"featured_media":3464,"comment_status":"open","ping_status":"closed","template":"","meta":{"_acf_changed":false},"product_brand":[],"product_cat":[205],"product_tag":[],"class_list":{"0":"post-3460","1":"product","2":"type-product","3":"status-publish","4":"has-post-thumbnail","6":"product_cat-video-aulas","8":"first","9":"instock","10":"virtual","11":"purchasable","12":"product-type-simple"},"acf":[],"_links":{"self":[{"href":"https:\/\/www.itfcursos.com.br\/online\/wp-json\/wp\/v2\/product\/3460","targetHints":{"allow":["GET"]}}],"collection":[{"href":"https:\/\/www.itfcursos.com.br\/online\/wp-json\/wp\/v2\/product"}],"about":[{"href":"https:\/\/www.itfcursos.com.br\/online\/wp-json\/wp\/v2\/types\/product"}],"replies":[{"embeddable":true,"href":"https:\/\/www.itfcursos.com.br\/online\/wp-json\/wp\/v2\/comments?post=3460"}],"wp:featuredmedia":[{"embeddable":true,"href":"https:\/\/www.itfcursos.com.br\/online\/wp-json\/wp\/v2\/media\/3464"}],"wp:attachment":[{"href":"https:\/\/www.itfcursos.com.br\/online\/wp-json\/wp\/v2\/media?parent=3460"}],"wp:term":[{"taxonomy":"product_brand","embeddable":true,"href":"https:\/\/www.itfcursos.com.br\/online\/wp-json\/wp\/v2\/product_brand?post=3460"},{"taxonomy":"product_cat","embeddable":true,"href":"https:\/\/www.itfcursos.com.br\/online\/wp-json\/wp\/v2\/product_cat?post=3460"},{"taxonomy":"product_tag","embeddable":true,"href":"https:\/\/www.itfcursos.com.br\/online\/wp-json\/wp\/v2\/product_tag?post=3460"}],"curies":[{"name":"wp","href":"https:\/\/api.w.org\/{rel}","templated":true}]}}