{"id":3409,"date":"2023-05-21T18:11:27","date_gmt":"2023-05-21T21:11:27","guid":{"rendered":"https:\/\/www.itfcursos.com.br\/online\/?post_type=product&#038;p=3409"},"modified":"2025-07-10T16:24:58","modified_gmt":"2025-07-10T19:24:58","slug":"recuperacao-de-credito-do-icms-ecredac","status":"publish","type":"product","link":"https:\/\/www.itfcursos.com.br\/online\/produto\/recuperacao-de-credito-do-icms-ecredac","title":{"rendered":"Recupera\u00e7\u00e3o de Cr\u00e9dito do ICMS &#8211; e-CredAc"},"content":{"rendered":"<p><strong>Na aquisi\u00e7\u00e3o da aula ter\u00e1 direito a:<br \/>\n1)Aula Gravada com acesso por 30 dias<br \/>\n2)PDF com integra da v\u00eddeo aula<br \/>\n3)60 Dias de consultoria ilimitada sobre temas tratados em aula<br \/>\n4)Certificado em nome da pessoa pagante do treinamento<br \/>\n5)Nota Fiscal<\/strong><\/p>\n<p><strong><br \/>\nPrimeiro v\u00eddeo<\/strong><br \/>\nLegisla\u00e7\u00f5es a serem aplicadas<br \/>\nConceito de ICMS e Fato Gerador<br \/>\nFato Gerador e seus detalhes<\/p>\n<p><strong>Segundo v\u00eddeo<\/strong><br \/>\nIncluem-se na base de c\u00e1lculo \u2013 01<br \/>\nIncluem-se na base de c\u00e1lculo \u2013 02<br \/>\nIncid\u00eancia, fato gerador do ICMS, obriga\u00e7\u00e3o principal e obriga\u00e7\u00e3o acess\u00f3ria<\/p>\n<p><strong>Terceiro v\u00eddeo<\/strong><br \/>\nAl\u00edquota interna para opera\u00e7\u00f5es em SP<br \/>\nAl\u00edquota interestadual<br \/>\nAplicabilidade da al\u00edquota de 4%.<br \/>\nN\u00e3o aplicabilidade da al\u00edquota de 4% &#8211; 01<br \/>\nN\u00e3o aplicabilidade da al\u00edquota de 4%- 02<br \/>\nFICHA DE CONTE\u00daDO DE IMPORTA\u00c7\u00c3O (FCI)<br \/>\nBens e mercadorias adquiridos no mercado nacional e n\u00e3o submetidos \u00e0 industrializa\u00e7\u00e3o no territ\u00f3rio nacional<br \/>\nNOVA VERS\u00c3O 2.2.8 DO PROGRAMA VALIDADOR FCI<br \/>\nCampos da FCI<\/p>\n<p><strong>Quarto v\u00eddeo<\/strong><br \/>\nC\u00e1lculo do ICMS<br \/>\nSimples Transfer\u00eancia de cr\u00e9dito<br \/>\nNovo cr\u00e9dito proporcionado pelo Simples Nacional<br \/>\nN\u00e3o cumulatividade<br \/>\nC\u00e1lculo do cr\u00e9dito do ICMS<br \/>\nC\u00e1lculo do cr\u00e9dito do ICMS (2)<br \/>\nManuten\u00e7\u00e3o do cr\u00e9dito<\/p>\n<p><strong>Quinto v\u00eddeo<\/strong><br \/>\nFato gerador que causa a gera\u00e7\u00e3o de cr\u00e9dito \u2013 01<br \/>\nFato gerador que causa a gera\u00e7\u00e3o de cr\u00e9dito \u2013 02<br \/>\nCr\u00e9dito acumulado<br \/>\nSolicita\u00e7\u00e3o do cr\u00e9dito acumulado para utiliza\u00e7\u00e3o<br \/>\nFundamenta\u00e7\u00e3o sobre o cr\u00e9dito acumulado<br \/>\nDiferen\u00e7a entre imposto devido e imposto anteriormente cobrado<br \/>\nFatos que d\u00e3o causa ao cr\u00e9dito acumulado \u2013 01<br \/>\nFatos que d\u00e3o causa ao cr\u00e9dito acumulado \u2013 02<br \/>\nForma\u00e7\u00e3o do cr\u00e9dito acumulado<br \/>\nRequisitos a serem cumpridos pelo contribuinte para diferimento do cr\u00e9dito acumulado \u2013 01<br \/>\nRequisitos a serem cumpridos pelo contribuinte para diferimento do cr\u00e9dito acumulado \u2013 02<br \/>\nRequisitos m\u00ednimos para transferir o cr\u00e9dito<br \/>\nUtiliza\u00e7\u00e3o de cr\u00e9dito acumulado<\/p>\n<p><strong>Sexto v\u00eddeo<\/strong><\/p>\n<p>D\u00e9bitos inscritos na d\u00edvida ativa<br \/>\nTempo para tomar cr\u00e9dito<br \/>\nCr\u00e9dito extempor\u00e2neo<br \/>\nCr\u00e9dito extempor\u00e2neo na GIA<br \/>\nEmenta do julgado do TJSP<\/p>\n<p><strong>S\u00e9timo v\u00eddeo<\/strong><br \/>\nRegime especial para cr\u00e9dito acumulado<br \/>\nTabela de \u00edndices cr\u00e9dito acumulado<br \/>\nQuarto tipo de regime especial \u2013 fundamenta\u00e7\u00e3o \u2013 CAP\u00cdTULO I \u2013 Dos regimes especiais de interesse do contribuinte<br \/>\nComo calcular o IVA do estabelecimento<\/p>\n<p><strong>Oitavo v\u00eddeo<\/strong><br \/>\nAl\u00edquota na importa\u00e7\u00e3o<br \/>\n6\u00ba esp\u00e9cie de regime especial<br \/>\nImporta\u00e7\u00e3o momento do recolhimento do ICMS<br \/>\nSolicita\u00e7\u00e3o de regime especial \u2013 senha do Sintegra<br \/>\nRegime especial<br \/>\nTerceiro pedido de regime especial \u2013 fundamenta\u00e7\u00e3o<br \/>\nPedido de apropria\u00e7\u00e3o de cr\u00e9dito acumulado mediante garantia<\/p>\n<p><strong>Nono v\u00eddeo<\/strong><br \/>\nCompensa\u00e7\u00e3o da Guia de recolhimentos especiais com cr\u00e9dito acumulado<br \/>\nDesembarque e desembara\u00e7o aduaneiro<br \/>\nImporta\u00e7\u00e3o momento do recolhimento do ICMS<br \/>\nRegime especial<br \/>\nQuarto regime especial<br \/>\nQuinta esp\u00e9cie de regime \u2013 fundamenta\u00e7\u00e3o<br \/>\nCr\u00e9dito acumulado exclusivo de opera\u00e7\u00f5es com cr\u00e9dito presumido ou outorgado<br \/>\nExemplo de solicita\u00e7\u00e3o de regime especial<br \/>\nEntradas e LRA ICMS<br \/>\nPortaria Cat 55\/17<\/p>\n<p><strong>D\u00e9cimo v\u00eddeo<\/strong><br \/>\nCST (c\u00f3digo de situa\u00e7\u00e3o tribut\u00e1ria e SPED fiscal)<br \/>\nSPED Fiscal<br \/>\nHip\u00f3teses de transfer\u00eancia do cr\u00e9dito acumulado \u2013 01<br \/>\nHip\u00f3teses de transfer\u00eancia do cr\u00e9dito acumulado \u2013 02<br \/>\nConceitos de benef\u00edcios fiscais \u2013 cr\u00e9dito b\u00e1sico<br \/>\nImunidade<br \/>\nIsen\u00e7\u00e3o<br \/>\nN\u00e3o incid\u00eancia \u2013 SP<br \/>\nCr\u00e9dito presumido<br \/>\nRedu\u00e7\u00e3o da base de c\u00e1lculo<br \/>\nDiferimento do ICMS n\u00e3o \u00e9 benef\u00edcio fiscal<br \/>\nOpera\u00e7\u00e3o com diferimento\/presta\u00e7\u00e3o<br \/>\nSuspens\u00e3o do ICMS n\u00e3o \u00e9 considerado benef\u00edcio fiscal<\/p>\n<p><strong>D\u00e9cimo primeiro v\u00eddeo<\/strong><br \/>\nSuspens\u00e3o do ICMS<br \/>\nDiferen\u00e7a do cr\u00e9dito b\u00e1sico e incentivado<br \/>\nForma\u00e7\u00e3o do cr\u00e9dito acumulado<br \/>\nCr\u00e9dito dos bens de produ\u00e7\u00e3o IPI \/ ICMS<br \/>\nModalidades de industrializa\u00e7\u00e3o<br \/>\nAquisi\u00e7\u00e3o de bens de produ\u00e7\u00e3o \u2013 cr\u00e9dito do ICMS<br \/>\nInsumos Dec<br \/>\nMat\u00e9ria prima e produto intermedi\u00e1rio<br \/>\nProduto secund\u00e1rio<br \/>\nCr\u00e9dito de material de embalagem<br \/>\nMercadorias destinadas a uso ou consumo<br \/>\nAtivo imobilizado \u2013 entrada \u2013 cr\u00e9dito<br \/>\nSa\u00edda e entrada\/aquisi\u00e7\u00e3o de ativo imobilizado<br \/>\nSa\u00edda de bem integrado ao ativo imobilizado \u2013 n\u00e3o incid\u00eancia do ICMS<br \/>\nCr\u00e9dito do ativo imobilizado<br \/>\nCr\u00e9dito de energia el\u00e9trica<br \/>\nCr\u00e9dito do imposto com rela\u00e7\u00e3o \u00e0 entrada de energia el\u00e9trica<br \/>\nAtividade mista \u2013 com\u00e9rcio e ind\u00fastria<br \/>\nEstabelecimento comercial \u2013 impossibilidade<br \/>\nModelo de Laudo T\u00e9cnico<br \/>\nO cr\u00e9dito do imposto com rela\u00e7\u00e3o aos servi\u00e7os de comunica\u00e7\u00e3o tomados pelo contribuinte<br \/>\nManuten\u00e7\u00e3o do cr\u00e9dito<\/p>\n<p><strong>D\u00e9cimo segundo v\u00eddeo<\/strong><\/p>\n<p>Estorno de cr\u00e9dito 1<br \/>\nEstorno de cr\u00e9dito 2<br \/>\nValor a ser estornado<br \/>\nEFD ICMS\/IPI \u2013 Lan\u00e7amento do estorno do cr\u00e9dito do ICMS<br \/>\nCr\u00e9dito do ICMS em rela\u00e7\u00e3o ao servi\u00e7o de transporte e ao combust\u00edvel utilizado na presta\u00e7\u00e3o<br \/>\nUtiliza\u00e7\u00e3o na presta\u00e7\u00e3o de servi\u00e7o de transporte<br \/>\nVe\u00edculos abastecidos em postos de combust\u00edveis situados em outros estados<br \/>\nIn\u00edcio do servi\u00e7o de transporte em territ\u00f3rio paulista \u2013 direito ao cr\u00e9dito<br \/>\nTransportadora optante pelo cr\u00e9dito outorgado<br \/>\nFrete com e sem manuten\u00e7\u00e3o<br \/>\nImporta\u00e7\u00e3o por conta e ordem de terceiros<br \/>\nEmiss\u00e3o de documentos fiscais pelo importador adquirente<br \/>\nCr\u00e9dito na importa\u00e7\u00e3o por conta e ordem<br \/>\nVenda do cr\u00e9dito acumulado para terceiros<br \/>\nAproprio e utilizo cr\u00e9dito acumulado, o que preciso fazer para ter acesso ao e-CredAc?<br \/>\nComo fa\u00e7o para transmitir um arquivo digital da portaria CAT 83\/09 \u00e0 SEFAZ?<br \/>\nComo \u00e9 feita a transmiss\u00e3o dos arquivos digitais de acordo com a sistem\u00e1tica de custeio? \u00c9 necess\u00e1ria alguma senha?<br \/>\nForma\u00e7\u00e3o e utiliza\u00e7\u00e3o do cr\u00e9dito b\u00e1sico e incentivado<br \/>\nCr\u00e9dito gerado, apropriado e utiliz\u00e1vel<br \/>\nPedido de apropria\u00e7\u00e3o<\/p>\n<p><strong>D\u00e9cimo terceiro v\u00eddeo<\/strong><\/p>\n<p>Formas de controle<br \/>\nM\u00e9todo simplificado e op\u00e7\u00e3o<br \/>\nCFOPs<br \/>\nMaiores explica\u00e7\u00f5es sobre o c\u00e1lculo do regime simplificado<br \/>\nOp\u00e7\u00e3o interestadual<br \/>\nApura\u00e7\u00e3o simplificada = \u00edndice das fichas<\/p>\n<p>D\u00e9cimo quarto v\u00eddeo<br \/>\nRequerimento<br \/>\nEndere\u00e7o dos arquivos do regime simplificado<br \/>\nCr\u00e9dito acumulado apropriado lan\u00e7ado da GIA e no E-credAC<br \/>\nCr\u00e9dito acumulado do ICMS pelo sistema de custeio<br \/>\nSistema de custeio<br \/>\nCusteio<br \/>\nNo SPED<br \/>\nMontagem do arquivo de custeio<br \/>\nLan\u00e7amento seguido pela GIA e libera\u00e7\u00e3o no E-credAc<br \/>\nDemonstrativo do cr\u00e9dito<\/p>\n","protected":false},"excerpt":{"rendered":"<p>Na aquisi\u00e7\u00e3o da aula ter\u00e1 direito a: 1)Aula Gravada com acesso por 30 dias 2)PDF com integra da v\u00eddeo aula 3)60 Dias de consultoria ilimitada sobre temas tratados em aula 4)Certificado em nome da pessoa pagante do treinamento 5)Nota Fiscal Primeiro v\u00eddeo Legisla\u00e7\u00f5es a serem aplicadas Conceito de ICMS e Fato Gerador Fato Gerador e [&hellip;]<\/p>\n","protected":false},"featured_media":3414,"comment_status":"open","ping_status":"closed","template":"","meta":{"_acf_changed":false},"product_brand":[],"product_cat":[199,205],"product_tag":[],"class_list":{"0":"post-3409","1":"product","2":"type-product","3":"status-publish","4":"has-post-thumbnail","6":"product_cat-icms","7":"product_cat-video-aulas","9":"first","10":"instock","11":"virtual","12":"purchasable","13":"product-type-simple"},"acf":[],"_links":{"self":[{"href":"https:\/\/www.itfcursos.com.br\/online\/wp-json\/wp\/v2\/product\/3409","targetHints":{"allow":["GET"]}}],"collection":[{"href":"https:\/\/www.itfcursos.com.br\/online\/wp-json\/wp\/v2\/product"}],"about":[{"href":"https:\/\/www.itfcursos.com.br\/online\/wp-json\/wp\/v2\/types\/product"}],"replies":[{"embeddable":true,"href":"https:\/\/www.itfcursos.com.br\/online\/wp-json\/wp\/v2\/comments?post=3409"}],"wp:featuredmedia":[{"embeddable":true,"href":"https:\/\/www.itfcursos.com.br\/online\/wp-json\/wp\/v2\/media\/3414"}],"wp:attachment":[{"href":"https:\/\/www.itfcursos.com.br\/online\/wp-json\/wp\/v2\/media?parent=3409"}],"wp:term":[{"taxonomy":"product_brand","embeddable":true,"href":"https:\/\/www.itfcursos.com.br\/online\/wp-json\/wp\/v2\/product_brand?post=3409"},{"taxonomy":"product_cat","embeddable":true,"href":"https:\/\/www.itfcursos.com.br\/online\/wp-json\/wp\/v2\/product_cat?post=3409"},{"taxonomy":"product_tag","embeddable":true,"href":"https:\/\/www.itfcursos.com.br\/online\/wp-json\/wp\/v2\/product_tag?post=3409"}],"curies":[{"name":"wp","href":"https:\/\/api.w.org\/{rel}","templated":true}]}}