{"id":3357,"date":"2023-03-03T11:17:21","date_gmt":"2023-03-03T14:17:21","guid":{"rendered":"https:\/\/www.itfcursos.com.br\/online\/?post_type=product&#038;p=3357"},"modified":"2026-03-19T16:28:49","modified_gmt":"2026-03-19T19:28:49","slug":"icms-credito-basico-e-credito-acumulado-questoes-praticas","status":"publish","type":"product","link":"https:\/\/www.itfcursos.com.br\/online\/produto\/icms-credito-basico-e-credito-acumulado-questoes-praticas","title":{"rendered":"ICMS \u2013 Cr\u00e9dito B\u00e1sico e Cr\u00e9dito Acumulado (quest\u00f5es pr\u00e1ticas)"},"content":{"rendered":"<p><strong>Objetivo:<\/strong>\u00a0Esclarecer sobre o cr\u00e9dito de ICMS, sua manuten\u00e7\u00e3o, apropria\u00e7\u00e3o, estorno e utiliza\u00e7\u00e3o, informa tamb\u00e9m sobre o e-CredAc, cr\u00e9dito de produtos importados, exporta\u00e7\u00f5es e opera\u00e7\u00f5es interestaduais, o curso cont\u00e9m um vasto conte\u00fado sobre o assunto, ser\u00e1 explicado c\u00e1lculo do m\u00e9todo de custeio e do m\u00e9todo simplificado, novas regras ap\u00f3s Lei Complementar 160\/17 e o Conv\u00eanio ICMS 190\/17; abordaremos tamb\u00e9m sobre o regime especial da al\u00edquota de 4% na importa\u00e7\u00e3o e limite de cr\u00e9dito. Este treinamento tem como principal objetivo confer\u00eancia das opera\u00e7\u00f5es com ICMS, com finalidade da solicita\u00e7\u00e3o e utiliza\u00e7\u00e3o do cr\u00e9dito acumulado n\u00e3o ser barrada ou indeferido pelo fisco, e tamb\u00e9m tem como principal objetivo, gerar caixa\u00a0 e economia para a empresa.<\/p>\n<p><strong>Destina-se:<\/strong>\u00a0A contadores, auditores, encarregados, analistas fiscais, auxiliares e demais profissionais interessados aumentar ou reciclar seus conhecimentos acerca da legisla\u00e7\u00e3o e pr\u00e1ticas fiscais. Nova portaria que permite a solicita\u00e7\u00e3o sem exig\u00eancia do arquivo.<\/p>\n<p><strong>Aten\u00e7\u00e3o:<\/strong> Voc\u00ea ter\u00e1 at\u00e9 60 dias para baixar o e-book\u00a0 e s\u00f3 pode fazer o download uma vez, ent\u00e3o certifique-se de salvar o arquivo em um lugar seguro.<\/p>\n<p>&nbsp;<\/p>\n<p>1. Introdu\u00e7\u00e3o e legisla\u00e7\u00e3o<br \/>\n2. Princ\u00edpio da n\u00e3o cumulatividade<br \/>\n2.2. Creditamento &#8211; Condi\u00e7\u00f5es a Serem Observadas<br \/>\n2.3. Direito ao Cr\u00e9dito<br \/>\n2.4. Sa\u00edda Isenta, com n\u00e3o incid\u00eancia ou Outra Hip\u00f3tese de N\u00e3o Sujei\u00e7\u00e3o ao Imposto<br \/>\n3.Estorno de cr\u00e9dito<br \/>\n3.1. Valor a ser estornado<br \/>\n4. Manuten\u00e7\u00e3o do cr\u00e9dito<br \/>\n5. Perdas no estoque<br \/>\n6. Condi\u00e7\u00f5es para aproveitamento do cr\u00e9dit<br \/>\n7. Escritura\u00e7\u00e3o extempor\u00e2nea<br \/>\n7.1. Documento fiscal n\u00e3o escriturado<br \/>\n7.2. Documento fiscal escriturado sem o aproveitamento do cr\u00e9dito admitido pela legisla\u00e7\u00e3o<br \/>\n7.3 Livro registro de entradas<br \/>\n8. Escritura\u00e7\u00e3o do cr\u00e9dito pelo valor nominal<br \/>\n9. Direito ao cr\u00e9dito do ativo imobilizado<br \/>\n9.1. Apropria\u00e7\u00e3o \u00e0 raz\u00e3o de 1\/48 por m\u00eas<br \/>\n9.2. Apura\u00e7\u00e3o do valor do cr\u00e9dito mensal<br \/>\n9.3. C\u00e1lculo da parcela de cr\u00e9dito mensal (1\/48) para o estado de S\u00e3o Paulo- Exemplo<br \/>\n9.4. Momento da apropria\u00e7\u00e3o<br \/>\n10. C\u00e1lculo do imposto para aproveitamento de cr\u00e9dito do ICMS pertencente ao ativo imobilizado no estado de Minas Gerias.<br \/>\n11. Ativo imobilizado \u2013 apropria\u00e7\u00e3o do cr\u00e9dito no estado do Rio de Janeiro<br \/>\n11.1. Exemplificativamente<br \/>\n12. Gera\u00e7\u00e3o e apropria\u00e7\u00e3o do cr\u00e9dito acumulado<br \/>\n13. Apropria\u00e7\u00e3o do cr\u00e9dito acumulado gerado<br \/>\n14. Auto de infra\u00e7\u00e3o e imposi\u00e7\u00e3o de multa<br \/>\n15. Regime especial<br \/>\n16. Transfer\u00eancia do cr\u00e9dito acumulado &#8211; hip\u00f3teses<br \/>\n17. Empresas n\u00e3o interdependente \u2013 legisla\u00e7\u00e3o paulista<br \/>\n18. Sistema eletr\u00f4nico<br \/>\n19. Devolu\u00e7\u00e3o de cr\u00e9dito acumulado<br \/>\n20. Compensa\u00e7\u00e3o com cr\u00e9dito acumulado \u2013 Importa\u00e7\u00e3o<br \/>\n21. Liquida\u00e7\u00e3o de d\u00e9bitos fiscais<br \/>\n22. Reincorpora\u00e7\u00e3o de cr\u00e9dito acumulado<br \/>\n23. Cr\u00e9dito acumulado recebido em transfer\u00eancia \u2013 utiliza\u00e7\u00e3o<br \/>\n24. Hip\u00f3teses de veda\u00e7\u00e3o da apropria\u00e7\u00e3o e utiliza\u00e7\u00e3o do cr\u00e9dito acumulado<br \/>\n25. Autoriza\u00e7\u00e3o da Sefaz<br \/>\n26. Penalidade<\/p>\n","protected":false},"excerpt":{"rendered":"<p>Objetivo:\u00a0Esclarecer sobre o cr\u00e9dito de ICMS, sua manuten\u00e7\u00e3o, apropria\u00e7\u00e3o, estorno e utiliza\u00e7\u00e3o, informa tamb\u00e9m sobre o e-CredAc, cr\u00e9dito de produtos importados, exporta\u00e7\u00f5es e opera\u00e7\u00f5es interestaduais, o curso cont\u00e9m um vasto conte\u00fado sobre o assunto, ser\u00e1 explicado c\u00e1lculo do m\u00e9todo de custeio e do m\u00e9todo simplificado, novas regras ap\u00f3s Lei Complementar 160\/17 e o Conv\u00eanio ICMS [&hellip;]<\/p>\n","protected":false},"featured_media":3361,"comment_status":"open","ping_status":"closed","template":"","meta":{"_acf_changed":false},"product_brand":[],"product_cat":[203],"product_tag":[],"class_list":{"0":"post-3357","1":"product","2":"type-product","3":"status-publish","4":"has-post-thumbnail","6":"product_cat-e-book","8":"first","9":"instock","10":"downloadable","11":"virtual","12":"purchasable","13":"product-type-simple"},"acf":[],"_links":{"self":[{"href":"https:\/\/www.itfcursos.com.br\/online\/wp-json\/wp\/v2\/product\/3357","targetHints":{"allow":["GET"]}}],"collection":[{"href":"https:\/\/www.itfcursos.com.br\/online\/wp-json\/wp\/v2\/product"}],"about":[{"href":"https:\/\/www.itfcursos.com.br\/online\/wp-json\/wp\/v2\/types\/product"}],"replies":[{"embeddable":true,"href":"https:\/\/www.itfcursos.com.br\/online\/wp-json\/wp\/v2\/comments?post=3357"}],"wp:featuredmedia":[{"embeddable":true,"href":"https:\/\/www.itfcursos.com.br\/online\/wp-json\/wp\/v2\/media\/3361"}],"wp:attachment":[{"href":"https:\/\/www.itfcursos.com.br\/online\/wp-json\/wp\/v2\/media?parent=3357"}],"wp:term":[{"taxonomy":"product_brand","embeddable":true,"href":"https:\/\/www.itfcursos.com.br\/online\/wp-json\/wp\/v2\/product_brand?post=3357"},{"taxonomy":"product_cat","embeddable":true,"href":"https:\/\/www.itfcursos.com.br\/online\/wp-json\/wp\/v2\/product_cat?post=3357"},{"taxonomy":"product_tag","embeddable":true,"href":"https:\/\/www.itfcursos.com.br\/online\/wp-json\/wp\/v2\/product_tag?post=3357"}],"curies":[{"name":"wp","href":"https:\/\/api.w.org\/{rel}","templated":true}]}}